{"id":73,"date":"2025-09-12T15:27:34","date_gmt":"2025-09-12T07:27:34","guid":{"rendered":"https:\/\/moonca-lighting.com\/index.php\/about\/"},"modified":"2025-09-13T10:26:43","modified_gmt":"2025-09-13T02:26:43","slug":"about-us","status":"publish","type":"page","link":"https:\/\/moonca-lighting.com\/index.php\/about-us\/","title":{"rendered":"About Us"},"content":{"rendered":"\t\t<div data-elementor-type=\"wp-page\" data-elementor-id=\"73\" class=\"elementor elementor-73\" data-elementor-post-type=\"page\">\n\t\t\t\t<div class=\"elementor-element elementor-element-3a6a984 e-grid e-con-boxed e-con e-parent\" data-id=\"3a6a984\" data-element_type=\"container\">\n\t\t\t\t\t<div class=\"e-con-inner\">\n\t\t\t\t<div class=\"elementor-element elementor-element-250e8ca elementor-widget elementor-widget-image\" data-id=\"250e8ca\" data-element_type=\"widget\" data-widget_type=\"image.default\">\n\t\t\t\t\t\t\t\t\t\t\t\t\t\t\t<img fetchpriority=\"high\" decoding=\"async\" width=\"1024\" height=\"1024\" src=\"https:\/\/moonca-lighting.com\/wp-content\/uploads\/2025\/09\/dining-room-pendant-lights-1.jpg\" class=\"attachment-large size-large wp-image-215\" alt=\"\" \/>\t\t\t\t\t\t\t\t\t\t\t\t\t\t\t<\/div>\n\t\t<div class=\"elementor-element elementor-element-60e8fb5 e-con-full e-flex e-con e-child\" data-id=\"60e8fb5\" data-element_type=\"container\">\n\t\t\t\t<div class=\"elementor-element elementor-element-27cb6e1 elementor-invisible elementor-widget elementor-widget-heading\" data-id=\"27cb6e1\" data-element_type=\"widget\" data-settings=\"{&quot;_animation&quot;:&quot;fadeInLeft&quot;}\" data-widget_type=\"heading.default\">\n\t\t\t\t\t<h2 class=\"elementor-heading-title elementor-size-default\">15 Years of Expertise, \nOne Trusted Source.\nQuality Lights,\nCompetitive Prices.<\/h2>\t\t\t\t<\/div>\n\t\t\t\t<\/div>\n\t\t\t\t\t<\/div>\n\t\t\t\t<\/div>\n\t\t<div class=\"elementor-element elementor-element-506838a4 e-con-full e-flex e-con e-parent\" data-id=\"506838a4\" data-element_type=\"container\">\n\t\t<div class=\"elementor-element elementor-element-610d00ac e-con-full e-flex e-con e-child\" data-id=\"610d00ac\" data-element_type=\"container\">\n\t\t\t\t<div class=\"elementor-element elementor-element-3a985ad2 elementor-widget elementor-widget-heading\" data-id=\"3a985ad2\" data-element_type=\"widget\" data-widget_type=\"heading.default\">\n\t\t\t\t\t<h2 class=\"elementor-heading-title elementor-size-default\">ABOUT us<\/h2>\t\t\t\t<\/div>\n\t\t\t\t<div class=\"elementor-element elementor-element-2868007f elementor-drop-cap-yes elementor-drop-cap-view-default elementor-widget elementor-widget-text-editor\" data-id=\"2868007f\" data-element_type=\"widget\" data-settings=\"{&quot;drop_cap&quot;:&quot;yes&quot;}\" data-widget_type=\"text-editor.default\">\n\t\t\t\t\t\t\t\t\t<p data-start=\"0\" data-end=\"428\">With 15 years of experience in the lighting export business, our company excels in delivering top-quality lighting solutions. We have a talented design team that creates innovative and stylish lighting products, tailored to meet diverse customer needs. Our in-house hardware workshop allows us to meticulously craft the light bodies, ensuring high-quality finishes that enhance the aesthetic appeal and durability of our lights.<\/p><p data-start=\"430\" data-end=\"694\">Our commitment to excellence is further demonstrated by our ETL certifications, which attest to the safety and compliance of our products with North American standards. This certification highlights our dedication to providing reliable and safe lighting solutions.<\/p><p data-start=\"696\" data-end=\"1042\" data-is-last-node=\"\" data-is-only-node=\"\">Moreover, our extensive experience and efficient processes enable us to control costs effectively, offering competitive pricing without compromising on quality. This combination of superior design, exceptional craftsmanship, certified safety, and cost efficiency makes us the preferred choice for customers seeking the best in lighting solutions.<\/p>\t\t\t\t\t\t\t\t<\/div>\n\t\t\t\t<\/div>\n\t\t<div class=\"elementor-element elementor-element-5a238dd9 e-con-full e-flex e-con e-child\" data-id=\"5a238dd9\" data-element_type=\"container\" data-settings=\"{&quot;background_background&quot;:&quot;classic&quot;,&quot;background_motion_fx_motion_fx_scrolling&quot;:&quot;yes&quot;,&quot;background_motion_fx_scale_effect&quot;:&quot;yes&quot;,&quot;background_motion_fx_scale_direction&quot;:&quot;in-out&quot;,&quot;background_motion_fx_scale_range&quot;:{&quot;unit&quot;:&quot;%&quot;,&quot;size&quot;:&quot;&quot;,&quot;sizes&quot;:{&quot;start&quot;:0,&quot;end&quot;:50}},&quot;background_motion_fx_scale_speed&quot;:{&quot;unit&quot;:&quot;px&quot;,&quot;size&quot;:4,&quot;sizes&quot;:[]},&quot;background_motion_fx_devices&quot;:[&quot;desktop&quot;,&quot;tablet&quot;,&quot;mobile&quot;]}\">\n\t\t\t\t<\/div>\n\t\t\t\t<\/div>\n\t\t<div class=\"elementor-element elementor-element-131fac4f e-con-full e-flex e-con e-parent\" data-id=\"131fac4f\" data-element_type=\"container\">\n\t\t<div class=\"elementor-element elementor-element-5c477ecc e-con-full e-flex e-con e-child\" data-id=\"5c477ecc\" data-element_type=\"container\">\n\t\t\t\t<div class=\"elementor-element elementor-element-202a9cc elementor-widget elementor-widget-heading\" data-id=\"202a9cc\" data-element_type=\"widget\" data-widget_type=\"heading.default\">\n\t\t\t\t\t<h2 class=\"elementor-heading-title elementor-size-default\">Sobre Nosotros<\/h2>\t\t\t\t<\/div>\n\t\t\t\t<div class=\"elementor-element elementor-element-3285c2a2 elementor-widget elementor-widget-text-editor\" data-id=\"3285c2a2\" data-element_type=\"widget\" data-widget_type=\"text-editor.default\">\n\t\t\t\t\t\t\t\t\t<p data-start=\"58\" data-end=\"366\">Con 15 a\u00f1os de experiencia en el negocio de exportaci\u00f3n de iluminaci\u00f3n, nuestra empresa se destaca por ofrecer soluciones de iluminaci\u00f3n de la m\u00e1s alta calidad. Contamos con un talentoso equipo de dise\u00f1o que crea productos innovadores y elegantes, adaptados a las diversas necesidades de nuestros clientes.<\/p><p data-start=\"368\" data-end=\"567\">Nuestro taller propio de herrajes nos permite fabricar meticulosamente los cuerpos de las l\u00e1mparas, garantizando acabados de alta calidad que realzan la est\u00e9tica y la durabilidad de nuestras luces.<\/p><p data-start=\"569\" data-end=\"868\">Nuestro compromiso con la excelencia tambi\u00e9n se refleja en nuestras certificaciones ETL, que avalan la seguridad y el cumplimiento de nuestros productos con los est\u00e1ndares de Am\u00e9rica del Norte. Esta certificaci\u00f3n destaca nuestra dedicaci\u00f3n a brindar soluciones de iluminaci\u00f3n seguras y confiables.<\/p><p data-start=\"870\" data-end=\"1243\">Adem\u00e1s, nuestra amplia experiencia y procesos eficientes nos permiten controlar los costos de manera efectiva, ofreciendo precios competitivos sin comprometer la calidad. Esta combinaci\u00f3n de dise\u00f1o superior, artesan\u00eda excepcional, seguridad certificada y eficiencia en costos nos convierte en la opci\u00f3n preferida para quienes buscan lo mejor en soluciones de iluminaci\u00f3n.<\/p>\t\t\t\t\t\t\t\t<\/div>\n\t\t\t\t<\/div>\n\t\t<div class=\"elementor-element elementor-element-7d8ac64d e-con-full e-flex e-con e-child\" data-id=\"7d8ac64d\" data-element_type=\"container\" data-settings=\"{&quot;background_background&quot;:&quot;classic&quot;,&quot;background_motion_fx_motion_fx_scrolling&quot;:&quot;yes&quot;,&quot;background_motion_fx_scale_effect&quot;:&quot;yes&quot;,&quot;background_motion_fx_scale_direction&quot;:&quot;in-out&quot;,&quot;background_motion_fx_scale_range&quot;:{&quot;unit&quot;:&quot;%&quot;,&quot;size&quot;:&quot;&quot;,&quot;sizes&quot;:{&quot;start&quot;:0,&quot;end&quot;:50}},&quot;background_motion_fx_scale_speed&quot;:{&quot;unit&quot;:&quot;px&quot;,&quot;size&quot;:4,&quot;sizes&quot;:[]},&quot;background_motion_fx_devices&quot;:[&quot;desktop&quot;,&quot;tablet&quot;,&quot;mobile&quot;]}\">\n\t\t\t\t<\/div>\n\t\t\t\t<\/div>\n\t\t\t\t<\/div>\n\t\t","protected":false},"excerpt":{"rendered":"<p>15 Years of Expertis [&hellip;]<\/p>\n","protected":false},"author":1,"featured_media":0,"parent":0,"menu_order":0,"comment_status":"closed","ping_status":"closed","template":"elementor_header_footer","meta":{"_surecart_dashboard_logo_width":"180px","_surecart_dashboard_show_logo":true,"_surecart_dashboard_navigation_orders":true,"_surecart_dashboard_navigation_invoices":true,"_surecart_dashboard_navigation_subscriptions":true,"_surecart_dashboard_navigation_downloads":true,"_surecart_dashboard_navigation_billing":true,"_surecart_dashboard_navigation_account":true,"site-sidebar-layout":"default","site-content-layout":"","ast-site-content-layout":"default","site-content-style":"default","site-sidebar-style":"default","ast-global-header-display":"","ast-banner-title-visibility":"","ast-main-header-display":"","ast-hfb-above-header-display":"","ast-hfb-below-header-display":"","ast-hfb-mobile-header-display":"","site-post-title":"","ast-breadcrumbs-content":"","ast-featured-img":"","footer-sml-layout":"","theme-transparent-header-meta":"","adv-header-id-meta":"","stick-header-meta":"","header-above-stick-meta":"","header-main-stick-meta":"","header-below-stick-meta":"","astra-migrate-meta-layouts":"default","ast-page-background-enabled":"default","ast-page-background-meta":{"desktop":{"background-color":"var(--ast-global-color-5)","background-image":"","background-repeat":"repeat","background-position":"center center","background-size":"auto","background-attachment":"scroll","background-type":"","background-media":"","overlay-type":"","overlay-color":"","overlay-opacity":"","overlay-gradient":""},"tablet":{"background-color":"","background-image":"","background-repeat":"repeat","background-position":"center center","background-size":"auto","background-attachment":"scroll","background-type":"","background-media":"","overlay-type":"","overlay-color":"","overlay-opacity":"","overlay-gradient":""},"mobile":{"background-color":"","background-image":"","background-repeat":"repeat","background-position":"center center","background-size":"auto","background-attachment":"scroll","background-type":"","background-media":"","overlay-type":"","overlay-color":"","overlay-opacity":"","overlay-gradient":""}},"ast-content-background-meta":{"desktop":{"background-color":"var(--ast-global-color-4)","background-image":"","background-repeat":"repeat","background-position":"center center","background-size":"auto","background-attachment":"scroll","background-type":"","background-media":"","overlay-type":"","overlay-color":"","overlay-opacity":"","overlay-gradient":""},"tablet":{"background-color":"var(--ast-global-color-4)","background-image":"","background-repeat":"repeat","background-position":"center center","background-size":"auto","background-attachment":"scroll","background-type":"","background-media":"","overlay-type":"","overlay-color":"","overlay-opacity":"","overlay-gradient":""},"mobile":{"background-color":"var(--ast-global-color-4)","background-image":"","background-repeat":"repeat","background-position":"center center","background-size":"auto","background-attachment":"scroll","background-type":"","background-media":"","overlay-type":"","overlay-color":"","overlay-opacity":"","overlay-gradient":""}},"footnotes":""},"class_list":["post-73","page","type-page","status-publish","hentry"],"jetpack_sharing_enabled":true,"_links":{"self":[{"href":"https:\/\/moonca-lighting.com\/index.php\/wp-json\/wp\/v2\/pages\/73","targetHints":{"allow":["GET"]}}],"collection":[{"href":"https:\/\/moonca-lighting.com\/index.php\/wp-json\/wp\/v2\/pages"}],"about":[{"href":"https:\/\/moonca-lighting.com\/index.php\/wp-json\/wp\/v2\/types\/page"}],"author":[{"embeddable":true,"href":"https:\/\/moonca-lighting.com\/index.php\/wp-json\/wp\/v2\/users\/1"}],"replies":[{"embeddable":true,"href":"https:\/\/moonca-lighting.com\/index.php\/wp-json\/wp\/v2\/comments?post=73"}],"version-history":[{"count":8,"href":"https:\/\/moonca-lighting.com\/index.php\/wp-json\/wp\/v2\/pages\/73\/revisions"}],"predecessor-version":[{"id":223,"href":"https:\/\/moonca-lighting.com\/index.php\/wp-json\/wp\/v2\/pages\/73\/revisions\/223"}],"wp:attachment":[{"href":"https:\/\/moonca-lighting.com\/index.php\/wp-json\/wp\/v2\/media?parent=73"}],"curies":[{"name":"wp","href":"https:\/\/api.w.org\/{rel}","templated":true}]}}